{"id":101,"date":"2025-06-11T12:20:31","date_gmt":"2025-06-11T12:20:31","guid":{"rendered":"https:\/\/rssdata.ro\/?page_id=101"},"modified":"2025-06-11T12:21:58","modified_gmt":"2025-06-11T12:21:58","slug":"verificare-periodica-sisteme-de-securitate","status":"publish","type":"page","link":"https:\/\/rssdata.ro\/?page_id=101","title":{"rendered":"Verificare periodica sisteme de securitate\/incendiu"},"content":{"rendered":"\n<p class=\"has-primary-color has-text-color has-link-color has-extra-small-font-size wp-elements-b80676be5d32bd08c90ebf394aeeb5fb\">Verificarea periodica a sistemelor de securitate obligatie sau optiune?<br>Verificarea periodica a sistemelor de securitate obligatie sau optiune?<\/p>\n\n\n\n<p class=\"has-primary-color has-text-color has-link-color has-extra-small-font-size wp-elements-4396d515f47187b960f5fe61e0093bb4\">Va oferim posibilitatea \u00eencheieri unui contract de mentenan\u021b\u0103 pentru sistemele de securitate de care dispune\u021bi, chiar daca nu se mai afla \u00een garantie, contract obligatoriu pentru societ\u0103\u021bile comerciale conform HG301\/2012.<\/p>\n\n\n\n<p class=\"has-primary-color has-text-color has-link-color has-extra-small-font-size wp-elements-8ce83cc9e9a47cdfd0d59a137e46e52d\">Suntem aviza\u021bi conform legii 333 din 2003, put\u00e2nd executa verificarile obligatorii ale sistemelor, precum si conform Ordinul ministrului administra\u0163iei \u015fi internelor nr.87 din 06.04.2010.<\/p>\n\n\n\n<p class=\"has-primary-color has-text-color has-link-color has-extra-small-font-size wp-elements-f7f17449a7f1aa158a5044d718d0731f\">Care sunt riscurile neefectuarii mentenan\u021bei periodice?<\/p>\n\n\n\n<p class=\"has-primary-color has-text-color has-link-color has-extra-small-font-size wp-elements-1163ab975c73de33f3a3bf9e97f30ecd\">Riscuri de natur\u0103 tehnica<\/p>\n\n\n\n<p class=\"has-primary-color has-text-color has-link-color has-extra-small-font-size wp-elements-67aeb845a28364639d70ab55adbd7ea7\">Sunteti expus din punct de vedere al func\u021bionalitatii conforme a sistemelor de securitate pe care le detineti.<\/p>\n\n\n\n<p class=\"has-primary-color has-text-color has-link-color has-extra-small-font-size wp-elements-e16cdc66534f6c4d9f04e07a3a8e7c33\">Neefectuare mentenan\u021bei periodice poate duce la probleme de natura tehnica precum:<\/p>\n\n\n\n<p class=\"has-primary-color has-text-color has-link-color has-extra-small-font-size wp-elements-aa3d5949a2467d0bb0800117a87acfe1\">Alarme false ale sistemelor de securitate;<br>Inregistrare partiala, neclara sau pierderea unor date, nedeclansarea alarmei in momente cruciale; Functionarea corecta a unui sistem de detectie incendiu (respectiv antiincendiu) necesita o inspectie periodica. Incheierea unui contract de mentenanta nu reprezinta o optiune, ci o obligatie conform legislatiei in domeniu. Conform Normativului P118\/3 &#8211; 2015, imediat dupa receptia sistemului, chiar daca respectiva constructie este sau nu utilizata, trebuie incheiat un contract de mentenanta intre proprietarul, respectiv utilizatorul cladirii si instalatorul sistemului sau o alta firma autorizata si specializata in lucrari de intretinere a sistemelor de detectie incendiu si efractie.<br>Unele componente pot fi nefunctionale fara sa fie raportate erori;<br>Blocari nedorite a accesului \u00een momente importante;<br>Probleme legale<\/p>\n\n\n\n<p class=\"has-primary-color has-text-color has-link-color has-extra-small-font-size wp-elements-7496d2548607460bc7ffb75250120048\">Riscurile legale sunt insemnate, fapt pentru care contractarea unui abonament de mentenanta se justifica.<\/p>\n\n\n\n<p class=\"has-primary-color has-text-color has-link-color has-extra-small-font-size wp-elements-b1b0fc09e788ecfa95793a02d35fce1b\">Nu va confromati cerin\u021belor impuse de legea 333 din 2003 si Normativului P118\/3 &#8211; 2015;<br>Riscati amenzi considerabile (nerespecatrea art. 94 din L. 333\/2003 si pct. 5.6.2 al Normativului P118\/3 &#8211; 2015);<br>Probele, in cazul unui incident neplacut, pot fi deteriorate, astfel fiind respinse;<\/p>\n\n\n\n<p class=\"has-primary-color has-text-color has-link-color has-extra-small-font-size wp-elements-801c305f700548499b341f14e93a00e3\">De ce sa alegeti serviciile oferite de WPI Servicii SRL pentru mentenanta si reparatii?<\/p>\n\n\n\n<p class=\"has-primary-color has-text-color has-link-color has-extra-small-font-size wp-elements-fdd99504c1059919c1ecac2abf8858a9\">Raspundem nevoilor companiei dumneavoastra cu o gama completa de servicii de mentenanta si reparatii<br>Avem 13 de ani de experienta in furnizarea de servicii de mentenanta si reparatii sistemelor de securitate si control acces<br>Tehnicienii WPI Servicii SRL au competente tehnice solide certificate si autorizate<br>Ce inseamna mentenanta preventiva?<\/p>\n\n\n\n<p class=\"has-primary-color has-text-color has-link-color has-extra-small-font-size wp-elements-36bbda666549c126cab23e5b06a6773a\">Cumulul de activitati pe care personalul specializat le desfasoara cu scopul de a asigura functionarea echipamentelor \/ sistemelor in parametri normali cu minimizarea timpului de nefunctionare<br>Presupune evaluarea periodica echipamentelor\/ sistemelor pentru a detecta potentiale probleme si pentrua programa imediat interventiile necesare de prevenire a degradarii conditiilor de functionare<br>Reduce timpii de nefunctionare si defectiunilor neprevazute ale echipamentelor \/ sistemelor<br>Cine poate realiza mentenanta preventiva?<\/p>\n\n\n\n<p class=\"has-primary-color has-text-color has-link-color has-extra-small-font-size wp-elements-d8faba68af61f3d0432564924b39da9f\">Mentenanta preventiva este realizata de catre personal autorizat si certificat, pe baza recomandarilor de producator. In functie de mediul de lucru in care este folosit echipamentul\/sistemul se recomanda o perioada optima pentru efectuarea mentenantei.<\/p>\n\n\n\n<p class=\"has-primary-color has-text-color has-link-color has-extra-small-font-size wp-elements-ea6279b623030bbc64d5ac4d1c443d67\">Ce beneficii obtin in urma mentenantei preventive?<\/p>\n\n\n\n<p class=\"has-primary-color has-text-color has-link-color has-extra-small-font-size wp-elements-af941a9ae519598f6f6f10c5e5f3a7c7\">Preintampinarea eventualelor defectiuni<br>Asigurarea bunei functionari a echipamentelor si sistemelor aflate in contract<br>Reducerea timpilor morti rezultati in urma defectarii echipamentelor si sistemelor<br>Prelungirea duratei de viata si a perioadei de exploatare pentru echipamentele si sistemele aflate in contract<br>Utilizarea optima si la capacitati maxime a echipamentelor si sistemelor<br>Reducerea costurilor cu reparatiile \/ inlocuirea echipamentelor si sistemelor<br>WPI SERVICII SRL<\/p>\n\n\n\n<p class=\"has-primary-color has-text-color has-link-color has-extra-small-font-size wp-elements-c69a6f34779925280523868efbcb66ba\">Verifica periodic sistemele de securitate electronica din compania dumneavoastra si inlatureaza defectele aparute<br>Prelungeste durata de viata a sistemelor de securitate electronica din compania dumneavoastra<br>Previne nefunctionarea sistemelor de securitate electronica<br>Repune in functiune sistemele de securitate electronica<\/p>\n","protected":false},"excerpt":{"rendered":"<p>Verificarea periodica a sistemelor de securitate obligatie sau optiune?Verificarea periodica a sistemelor de securitate obligatie sau optiune? Va oferim posibilitatea \u00eencheieri unui contract de mentenan\u021b\u0103 pentru sistemele de securitate de care dispune\u021bi, chiar daca nu se mai afla \u00een garantie, contract obligatoriu pentru societ\u0103\u021bile comerciale conform HG301\/2012. Suntem aviza\u021bi conform legii 333 din 2003, put\u00e2nd [&hellip;]<\/p>\n","protected":false},"author":1,"featured_media":0,"parent":0,"menu_order":0,"comment_status":"closed","ping_status":"closed","template":"","meta":{"footnotes":""},"class_list":["post-101","page","type-page","status-publish","hentry"],"_links":{"self":[{"href":"https:\/\/rssdata.ro\/index.php?rest_route=\/wp\/v2\/pages\/101","targetHints":{"allow":["GET"]}}],"collection":[{"href":"https:\/\/rssdata.ro\/index.php?rest_route=\/wp\/v2\/pages"}],"about":[{"href":"https:\/\/rssdata.ro\/index.php?rest_route=\/wp\/v2\/types\/page"}],"author":[{"embeddable":true,"href":"https:\/\/rssdata.ro\/index.php?rest_route=\/wp\/v2\/users\/1"}],"replies":[{"embeddable":true,"href":"https:\/\/rssdata.ro\/index.php?rest_route=%2Fwp%2Fv2%2Fcomments&post=101"}],"version-history":[{"count":2,"href":"https:\/\/rssdata.ro\/index.php?rest_route=\/wp\/v2\/pages\/101\/revisions"}],"predecessor-version":[{"id":104,"href":"https:\/\/rssdata.ro\/index.php?rest_route=\/wp\/v2\/pages\/101\/revisions\/104"}],"wp:attachment":[{"href":"https:\/\/rssdata.ro\/index.php?rest_route=%2Fwp%2Fv2%2Fmedia&parent=101"}],"curies":[{"name":"wp","href":"https:\/\/api.w.org\/{rel}","templated":true}]}}