{"id":56,"date":"2025-06-11T11:20:00","date_gmt":"2025-06-11T11:20:00","guid":{"rendered":"https:\/\/rssdata.ro\/?page_id=56"},"modified":"2025-06-11T11:20:00","modified_gmt":"2025-06-11T11:20:00","slug":"sisteme-avertizare-la-incendiu","status":"publish","type":"page","link":"https:\/\/rssdata.ro\/?page_id=56","title":{"rendered":"Sisteme Avertizare la Incendiu"},"content":{"rendered":"\n<p class=\"has-primary-color has-text-color has-link-color has-extra-small-font-size wp-elements-2333bad4a46efcf920add8ef0e469453\">Un sistem de detectare, semnalizare \u0219i avertizare incendiu este o instalatie cu rol de protectie, avand scopul de a detecta si semnaliza \u00een cat mai scurt timp posibil aparitia unui inceput de incendiu in spatiile protejate, precum \u0219i acela de a alarma personalul, echipele de pompieri si oricare alta categorie de persoane aflate in zona care pot ajuta la stingerea incendiului \u0219i la limitarea efectelor acestuia.<br><br>Incendiul provoaca daune atat din cauza flacarilor si fumului rezultat in urma arderii diverselor materiale dar si datorita apei folosite la stingere. Sunt pierderi inevitabile si din acest motiv este necesara gasirea unei solutii optime de legatura intre sistemul de detectie la incendiu si sistemul de stingere adecvata.<\/p>\n\n\n\n<p class=\"has-primary-color has-text-color has-link-color has-extra-small-font-size wp-elements-a15ca0d5a4f26313928e4b24a714979b\">Pentru locuinte particulare este suficienta conectarea detectorilor de fum,temperatura si gaz la centrala de alarma folosita impotriva efractiei dar pentru cladiri de birouri, spatii comerciale, depozite, banci, cladiri aglomerate etc. se folosesc sisteme dedicate pentru detectia si semnalizarea inceputului de incendiu<\/p>\n\n\n\n<p class=\"has-primary-color has-text-color has-link-color has-extra-small-font-size wp-elements-5775a36fbea8aa887061a98256b3cac6\">Sistemele de alarma la incendiu conventionale sunt folosite in general pentru imobile mici unde nu este absolut necesara identificarea fiecarui detector de alarma incendiu conventional de la panoul de afisare a centralei de detectie si alarmare la incendiu conventionale.<\/p>\n\n\n\n<p class=\"has-primary-color has-text-color has-link-color has-extra-small-font-size wp-elements-81948c8f8dda756c75483050cdcb2681\">Sistemele de alarmare antiincendiu adresabile sunt destinate cladirilor mari si ansamblurilor de cladiri, fiecare senzor de alarmare antiincendiu adresabil putand fi identificat de la panoul de afisare al centralei adresabile de detectie si alarma incendiu cu bucle adresabile.<\/p>\n\n\n\n<p class=\"has-primary-color has-text-color has-link-color has-extra-small-font-size wp-elements-fbdfd192d356e505673f9e90925101f6\">Componentele sistemului de detectie<br>Sistemul de detec\u021bie este compus din dispozitivele de detectare a incendiilor (declansatoare manuale sau detectoare automate de gaz, de fum, de c\u0103ldur\u0103, de fl\u0103c\u0103ri).<\/p>\n\n\n\n<p class=\"has-primary-color has-text-color has-link-color has-extra-small-font-size wp-elements-b89cecfea9cda012c0de6e162268500c\">Sistemele de detectare, semnalizare \u0219i avertizare incendiu pot avea urmatoarele elemente in componenta:<\/p>\n\n\n\n<p class=\"has-primary-color has-text-color has-link-color has-extra-small-font-size wp-elements-07327cae8ba652889ee0928dc638e3d3\">Unul sau mai multe detectoare de incendiu<br>Echipament de control \u0219i semnalizare<br>Dispozitive de alarm\u0103 incendiu<br>Unul sau mai multe declan\u0219atoare manuale de alarm\u0103<br>Un dispozitiv de transmisie alarm\u0103 la incendiu<br>Sta\u021bie de recep\u021bie alarm\u0103 la incendiu<br>Sistem de comanda a sistemelor automate de protec\u021bie \u00eempotriva incendiului<br>Echipament de protec\u021bie \u00eempotriva incendiului<br>Dispozitiv de transmisie semnal de defect<br>Sta\u021bie de receptie semnal de defect<br>Echipament de alimentare cu energie<br>Elemente pentru conectare<br>Unul sau mai multe dispozitive autonome de alarmare la fum<br>Compunerea echipamentului de control \u0219i semnalizare<br>Echipamentul de control si semnalizare (E.C.S.) este o structur\u0103 prin care alte componente pot fi alimentate cu energie \u0219i controlate. Rolul s\u0103u este complex:<\/p>\n\n\n\n<p class=\"has-primary-color has-text-color has-link-color has-extra-small-font-size wp-elements-4c081e5b28de0349e857b2a37fd009b2\">Recep\u021bia semnalelor de la detectoare \u0219i analiza acestora pentru a determina dac\u0103 ele corespund sau nu unor condi\u021bii de alarm\u0103, semnalizarea audibil\u0103 \u0219i vizibil\u0103 a acestor condi\u021bii de alarm\u0103 \u0219i indicarea locul pericolului, precum \u0219i \u00eenregistra dac\u0103 este posibil\u0103 a oric\u0103ror din aceste informa\u021bii<br>Monitorizarea func\u021bion\u0103rii corecte a sistemului \u0219i avertizarea audibil\u0103 \u0219i vizibil\u0103 a oric\u0103rui defect (exempli gratia: scurtcircuit, rupere linie sau defect \u00een alimentarea cu energie)<br>Transmisia semnalului de alarm\u0103 incendiu \u00een func\u021bie de cerin\u021bele de proiectare, de exemplu la:<br>dispozitive de alarm\u0103 incendiu sonore sau optice<br>serviciul de pompieri \u2014 direct sau prin intermediul unui echipament de transmisie a alarmei de incendiu<br>spre echipamentul de comand\u0103 al protec\u021biei automate (reprezentat\u0103 de c\u0103tre echipamentul automat de stingere a incendiului)<br>Obligativitatea incheierii unui contract de mentenanta:<\/p>\n\n\n\n<p class=\"has-primary-color has-text-color has-link-color has-extra-small-font-size wp-elements-3853c4bde83daa4e4c1de9cb39ff1160\">Functionarea corecta a unui sistem de detectie incendiu (respectiv antiincendiu) necesita o inspectie periodica. Incheierea unui contract de mentenanta nu reprezinta o optiune, ci o obligatie conform legislatiei in domeniu. Conform Normativului P118\/3 &#8211; 2015, imediat dupa receptia sistemului, chiar daca respectiva constructie este sau nu utilizata, trebuie incheiat un contract de mentenanta intre proprietarul, respectiv utilizatorul cladirii si instalatorul sistemului sau o alta firma autorizata si specializata in lucrari de intretinere a sistemelor de detectie incendiu si efractie.<\/p>\n\n\n\n<p class=\"has-primary-color has-text-color has-link-color has-extra-small-font-size wp-elements-e5fae5a32f9901c95e08232c66fa8459\">Contractul de mentenanta trebuie sa contina obligatoriu perioada in care un sistem de detectie incendiu (antiincendiu) trebuie repus in functiune in cazul unei defectiuni, respectiv mentiuni referitoare la modalitatea de acces la echipament.<\/p>\n\n\n\n<p class=\"has-primary-color has-text-color has-link-color has-extra-small-font-size wp-elements-9351ea4bfcca72ffc2bd1ce5662f166c\">De asemenea, echipamentul de control si semnalizare trebuie sa aiba afisat intr-un loc vizibil datele de contact ale firmei cu care s-a incheiat contactul de mentenanta a sistemului de detectie incendiu (antiincendiu).<\/p>\n\n\n\n<p><\/p>\n","protected":false},"excerpt":{"rendered":"<p>Un sistem de detectare, semnalizare \u0219i avertizare incendiu este o instalatie cu rol de protectie, avand scopul de a detecta si semnaliza \u00een cat mai scurt timp posibil aparitia unui inceput de incendiu in spatiile protejate, precum \u0219i acela de a alarma personalul, echipele de pompieri si oricare alta categorie de persoane aflate in zona [&hellip;]<\/p>\n","protected":false},"author":1,"featured_media":0,"parent":0,"menu_order":0,"comment_status":"closed","ping_status":"closed","template":"","meta":{"footnotes":""},"class_list":["post-56","page","type-page","status-publish","hentry"],"_links":{"self":[{"href":"https:\/\/rssdata.ro\/index.php?rest_route=\/wp\/v2\/pages\/56","targetHints":{"allow":["GET"]}}],"collection":[{"href":"https:\/\/rssdata.ro\/index.php?rest_route=\/wp\/v2\/pages"}],"about":[{"href":"https:\/\/rssdata.ro\/index.php?rest_route=\/wp\/v2\/types\/page"}],"author":[{"embeddable":true,"href":"https:\/\/rssdata.ro\/index.php?rest_route=\/wp\/v2\/users\/1"}],"replies":[{"embeddable":true,"href":"https:\/\/rssdata.ro\/index.php?rest_route=%2Fwp%2Fv2%2Fcomments&post=56"}],"version-history":[{"count":1,"href":"https:\/\/rssdata.ro\/index.php?rest_route=\/wp\/v2\/pages\/56\/revisions"}],"predecessor-version":[{"id":57,"href":"https:\/\/rssdata.ro\/index.php?rest_route=\/wp\/v2\/pages\/56\/revisions\/57"}],"wp:attachment":[{"href":"https:\/\/rssdata.ro\/index.php?rest_route=%2Fwp%2Fv2%2Fmedia&parent=56"}],"curies":[{"name":"wp","href":"https:\/\/api.w.org\/{rel}","templated":true}]}}