{"id":62,"date":"2025-06-11T11:25:14","date_gmt":"2025-06-11T11:25:14","guid":{"rendered":"https:\/\/rssdata.ro\/?page_id=62"},"modified":"2025-06-11T11:25:14","modified_gmt":"2025-06-11T11:25:14","slug":"infrastructura-it","status":"publish","type":"page","link":"https:\/\/rssdata.ro\/?page_id=62","title":{"rendered":"Infrastructura IT"},"content":{"rendered":"\n<p class=\"has-primary-color has-text-color has-link-color has-extra-small-font-size wp-elements-fcee7d4afaad769cd0f80f0b24edbfb5\">Monitorizarea noilor tendin\u0163e \u00een IT, men\u0163inerea pe pia\u0163\u0103 \u015fi concuren\u0163a, condi\u0163ioneaz\u0103 necesitatea utiliz\u0103rii de echipamente moderne de hardware, introducerea re\u0163elelor de calculatoare \u015fi suport software \u00een companiile cu profiluri diferite, fie ele \u00eentreprinderi mici cu c\u00e2\u0163iva angaja\u0163i \u015fi un num\u0103r mic de calculatoare, fie ele companii mari care \u00eentrebuin\u0163eaz\u0103 sute de calculatoare.<\/p>\n\n\n\n<p class=\"has-primary-color has-text-color has-link-color has-extra-small-font-size wp-elements-9663c27ec6a421507a85e7612cffcfe4\">Proiectarea, instalarea, configurarea \u015fi \u00eentre\u0163inerea acestor re\u0163ele de calculatoare sunt doar c\u00e2teva din cerin\u0163e ce necesit\u0103 un personal competent \u00een solu\u0163ii hardware \u015fi software, gata s\u0103 r\u0103spund\u0103 tuturor cerin\u0163elor de pe pia\u0163\u0103.<\/p>\n\n\n\n<p class=\"has-primary-color has-text-color has-link-color has-extra-small-font-size wp-elements-f62c1961c629b33dfa632cec986e2514\">\u00cen zilele noastre apar tot mai multe companii cu profiluri diferite care doresc introducerea re\u0163elelor de calculatoare \u00een domeniul lor de lucru, astfel cre\u00e2nd noi locuri de munc\u0103 cu scopul men\u0163inerii \u015fi gestion\u0103rii acestui sistem de re\u0163ele. Ne a\u015ftept\u0103m ca \u00een anii urm\u0103tori, toate companiile s\u0103 foloseasc\u0103 acest sistem IT \u015fi astfel s\u0103 creasc\u0103 num\u0103rul cererilor pentru acest profil. &gt; &gt;Alegerea \u015fi achizi\u0163ionarea calculatoarelor \u015fi a echipamentelor de re\u0163ea, proiectarea re\u0163elei de infrastructur\u0103, configurarea, \u00eentre\u0163inerea re\u0163elei \u015fi oferirea suportului tehnic hardware \/software sunt doar c\u00e2teva din atribu\u0163iile unui administrator de infrastructur\u0103 IT.<\/p>\n\n\n\n<p class=\"has-primary-color has-text-color has-link-color has-extra-small-font-size wp-elements-1e2e6b1dcc9f6469ce30893ad2a54c25\">Care sunt sarcinile pe care le va avea m\u00e2ine de realizat un viitor administrator de infrastructur\u0103 IT?<\/p>\n\n\n\n<p class=\"has-primary-color has-text-color has-link-color has-extra-small-font-size wp-elements-e82314af3e69ecc850b1419bd23f2d52\">Activit\u0103\u0163ile acestora pot fi \u00eemp\u0103r\u0163ite \u00een dou\u0103 grupe majore: administrarea re\u0163elei \u015fi administrarea sistemului. Conceptul de re\u0163ea de calculatoare este foarte cunoscut \u015fi reprezint\u0103 un concept tehnic finalizat. \u00cen administrarea re\u0163elei intr\u0103:<\/p>\n\n\n\n<p class=\"has-primary-color has-text-color has-link-color has-extra-small-font-size wp-elements-8189bccb82be1e584f8e9fd9d9d0f5e5\">proiectarea unor re\u0163ele locale (LAN)<br>utilizarea modelului de referin\u0163\u0103 OSI \u015fi adresarea IP<br>\u00een\u0163elegerea protocoalelor de re\u0163ea<br>\u00een\u0163elegerea conceptului de domenii \u00een mediul de re\u0163ea<br>cunoa\u015fterea echipamentelor de re\u0163ea<br>folosirea echipamentelor de re\u0163ea<br>cunoa\u015fterea de hardware PC \u015fi a componentelor de server la un PC<br>cunoa\u015fterea serviciilor de re\u0163ea<br>monitorizarea tendin\u0163elor de re\u0163ea<\/p>\n\n\n\n<p class=\"has-primary-color has-text-color has-link-color has-extra-small-font-size wp-elements-625d4080bb87bd39dfe4fdf5f55b6570\">Administrarea sistemului \u015fi securizarea reprezint\u0103 aplicarea unui set de combina\u0163ii de sarcini \u00een vederea monitoriz\u0103rii \u015fi gestion\u0103rii infrastructurii IT. Aceasta reprezint\u0103 un concept mult mai larg \u00een compara\u0163ie cu cunoscuta re\u0163ea. Administratorii de sistem nu sunt programatori, de\u015fi au nevoie de anumite cuno\u015ftin\u0163e \u00een acest domeniu. \u00cen func\u0163ie de tipul aplica\u0163iei, de num\u0103rul de utilizatori, \u00een atribu\u0163iile lor intr\u0103 controlarea \u015fi men\u0163inerea bunei func\u0163ion\u0103ri a re\u0163elei.<\/p>\n\n\n\n<p class=\"has-primary-color has-text-color has-link-color has-extra-small-font-size wp-elements-7d4a9438f6e711c12ce8622b3d98bb97\">Managementul companiilor din zilele noastre se bazeaz\u0103 pe informa\u0163ii corecte care sunt condi\u0163ionate de utilizarea tehnologiei moderne de comunicare, care subliniaz\u0103 \u015fi mai mult importan\u0163a administratorilor de sistem. Administrarea \u015fi prelucrarea informa\u0163iilor sunt direct dependente de aplicarea tehnologiei informa\u0163iei, de care este responsabil administratorul de sistem. Sistemul de informa\u0163ii trebuie s\u0103 fie disponibil 24 ore pe zi, 7 zile pe s\u0103pt\u0103m\u00e2n\u0103, orice c\u0103dere a sistemului put\u00e2nd avea repercursiuni grave. Activitatea companiilor depinde de puterea sistemului de informa\u0163ii, ceea ce \u00eenseamn\u0103 c\u0103 trebuie s\u0103 existe un plan bine pus la punct de sistemul de administra\u0163ie de care se ocup\u0103, bine\u00een\u0163eles, administratorul de sistem.<\/p>\n\n\n\n<p class=\"has-primary-color has-text-color has-link-color has-extra-small-font-size wp-elements-a9d8d3c06e58bfad37879e0cd0bfe81a\">Principalele atribu\u0163ii ale administratorului de sistem sunt:<\/p>\n\n\n\n<p class=\"has-primary-color has-text-color has-link-color has-extra-small-font-size wp-elements-748f62665d2f0ec7c2b35fa62bd1736c\">proiectarea de solu\u0163ii informatice<br>implementarea solu\u0163iilor<br>training pentru utilizatori<br>suport de utilizatori \u2013 Helpdesk<br>managementul conturilor \u2013 Account management<br>politica de securitate<br>actualizarea software-ului existent c\u00e2t \u015fi implementarea unui nou software<br>g\u0103sirea de resurse<br>arhivarea \u015fi suport de management<br>Fault tolerance<br>monitorizare \u015fi management<br>optimizare<br>pronostic &#8211; Forecasting<br>Troubleshoting<br>preven\u0163ie<br>upgradare hardware<br>reconfigurarea de solu\u0163iii hardware<br>documentarea prin proceduri de prescriere a tuturor activit\u0103\u0163ilor desf\u0103\u015furate<br>permanenta monitorizare, \u00eentre\u0163inere \u015fi gestionare a tuturor p\u0103r\u0163ilor din sistem<br>acordarea licen\u0163ei<br>Lu\u00e2nd \u00een considerare complexitatea sarcinilor de administrare a sistemului pe care le-am enumerat mai sus, responsabilitatea nu poate sta \u00een m\u00e2inile unei singure persoane. De aceea, de cele mai multe ori de acest lucru se ocup\u0103 o echip\u0103 de speciali\u015fti\/ administratori, fiecare av\u00e2nd sarcini \u015fi responsabilit\u0103\u0163i clare.<\/p>\n\n\n\n<p class=\"has-primary-color has-text-color has-link-color has-extra-small-font-size wp-elements-695fdf90ce5ede5c0df0366ca1bb432f\">Solu\u0163iile prin care companiile \u00eencheie afaceri pe termen lung cu ajutorul colaboratorilor din exterior sau prin alte companii, nu sunt solu\u0163ii potrivite, deoarece perioada de la emiterea cererilor p\u00e2n\u0103 la finalizarea lor poate fi prea lung\u0103 \u015fi poate duce la pierderi \u00een business.<\/p>\n\n\n\n<p class=\"has-primary-color has-text-color has-link-color has-extra-small-font-size wp-elements-d7cfa730c7820fe8d3b6cb97d17cc796\">Datorit\u0103 naturii muncii sale, marile centre de \u00eenv\u0103\u0163\u0103m\u00e2nt pot fi \u00een pas cu schimb\u0103rile \u00een tehnologie, planurile \u015fi programele lor implement\u00e2nd aproape orice schimbare de pe pia\u0163\u0103. Acesta este tocmai unul dintre motivele pentru care cei angaja\u0163i \u00een domeniul administr\u0103rii de sistem de\u0163in Certificatul Microsoft (MCSA sau MCSE), acesta fiind ast\u0103zi unul dintre cele mai prestigioase \u015fi mai c\u0103utate certificate din domeniu.<\/p>\n\n\n\n<p class=\"has-primary-color has-text-color has-link-color has-extra-small-font-size wp-elements-e16c09d48b4c2a94583cedd2031ea21b\">Se estimeaz\u0103 c\u0103 nevoia de administratori de sistem \u015fi de re\u0163ea din \u0163ara noastr\u0103 s\u0103 creasc\u0103 \u00een perioada imediat urm\u0103toare, ca urmare a deschiderii unui num\u0103r mare de companii IT.<\/p>\n\n\n\n<p class=\"has-primary-color has-text-color has-link-color has-extra-small-font-size wp-elements-266511b675d25c0a1b0e1abd8813e464\">Administratorii de infrastructur\u0103 IT sunt extrem de receptivi \u015fi autoritari, av\u00e2nd principii de etic\u0103 \u015fi \u00eenalte valori morale la locul de munc\u0103. \u00centotdeauna sunt dispu\u015fi s\u0103 coopereze \u015fi s\u0103 sprijine toate sectoarele companiei. Ei g\u0103sesc solu\u0163ii pentru rezolvarea tuturor problemelor din cadrul firmei \u015fi de aceea sunt foarte aprecia\u0163i de to\u0163i angaja\u0163ii.<\/p>\n\n\n\n<p><\/p>\n","protected":false},"excerpt":{"rendered":"<p>Monitorizarea noilor tendin\u0163e \u00een IT, men\u0163inerea pe pia\u0163\u0103 \u015fi concuren\u0163a, condi\u0163ioneaz\u0103 necesitatea utiliz\u0103rii de echipamente moderne de hardware, introducerea re\u0163elelor de calculatoare \u015fi suport software \u00een companiile cu profiluri diferite, fie ele \u00eentreprinderi mici cu c\u00e2\u0163iva angaja\u0163i \u015fi un num\u0103r mic de calculatoare, fie ele companii mari care \u00eentrebuin\u0163eaz\u0103 sute de calculatoare. Proiectarea, instalarea, configurarea [&hellip;]<\/p>\n","protected":false},"author":1,"featured_media":0,"parent":0,"menu_order":0,"comment_status":"closed","ping_status":"closed","template":"","meta":{"footnotes":""},"class_list":["post-62","page","type-page","status-publish","hentry"],"_links":{"self":[{"href":"https:\/\/rssdata.ro\/index.php?rest_route=\/wp\/v2\/pages\/62","targetHints":{"allow":["GET"]}}],"collection":[{"href":"https:\/\/rssdata.ro\/index.php?rest_route=\/wp\/v2\/pages"}],"about":[{"href":"https:\/\/rssdata.ro\/index.php?rest_route=\/wp\/v2\/types\/page"}],"author":[{"embeddable":true,"href":"https:\/\/rssdata.ro\/index.php?rest_route=\/wp\/v2\/users\/1"}],"replies":[{"embeddable":true,"href":"https:\/\/rssdata.ro\/index.php?rest_route=%2Fwp%2Fv2%2Fcomments&post=62"}],"version-history":[{"count":1,"href":"https:\/\/rssdata.ro\/index.php?rest_route=\/wp\/v2\/pages\/62\/revisions"}],"predecessor-version":[{"id":63,"href":"https:\/\/rssdata.ro\/index.php?rest_route=\/wp\/v2\/pages\/62\/revisions\/63"}],"wp:attachment":[{"href":"https:\/\/rssdata.ro\/index.php?rest_route=%2Fwp%2Fv2%2Fmedia&parent=62"}],"curies":[{"name":"wp","href":"https:\/\/api.w.org\/{rel}","templated":true}]}}