{"id":65,"date":"2025-06-11T11:27:50","date_gmt":"2025-06-11T11:27:50","guid":{"rendered":"https:\/\/rssdata.ro\/?page_id=65"},"modified":"2025-06-11T11:27:50","modified_gmt":"2025-06-11T11:27:50","slug":"sisteme-bms","status":"publish","type":"page","link":"https:\/\/rssdata.ro\/?page_id=65","title":{"rendered":"Sisteme BMS"},"content":{"rendered":"\n<p class=\"has-primary-color has-text-color has-link-color has-extra-small-font-size wp-elements-910b770c6237386aaa12717d49470bfa\">Un sistem de management al cladirii (building management system &#8211; BMS) este un sistem de control bazat pe computer, instalat \u00een cl\u0103diri care controleaz\u0103 \u0219i monitorizeaz\u0103 echipamentele mecanice \u0219i electrice ale cl\u0103dirii, cum ar fi sistemele de ventila\u021bie, sistemul electric si iluminat, sistemele de securitate, sistemele de detectie si alarmare incendiu. Un BMS const\u0103 \u00een software \u0219i hardware. Programul software, configurat de obicei \u00eentr-o manier\u0103 ierarhic\u0103, pot fi brevetate, utiliz\u00e2nd protocoale, cum ar fi C-Bus, Profibus, \u0219i a\u0219a mai departe. Furnizorii produc, de asemenea, un BMS care integreaz\u0103 utilizarea protocoalelor Internet \u0219i standardelor deschise, cum ar fi DeviceNet, SOAP, XML, BACnet, LonWorks \u0219i Modbus.<\/p>\n\n\n\n<p class=\"has-primary-color has-text-color has-link-color has-extra-small-font-size wp-elements-5a98e0f8bad9f3a3950179588e0f1be0\">Sisteme care pot fi monitorizate sau controlate de un BMS sunt prezentate mai jos:<\/p>\n\n\n\n<p class=\"has-primary-color has-text-color has-link-color has-extra-small-font-size wp-elements-bf774784fb111f379f8c4bed0b5b1f1f\">Iluminat<br>Instalatia electrica<br>Incalzire, ventilatie \u0219i aer conditionat (HVAC)<br>Sisteme de securitate<br>Controlul accesului<br>Sistem de alarm\u0103 de incendiu<br>Ascensoare, lifturi etc.<br>Instalatii sanitare<br>Televizoare cu circuit \u00eenchis (CCTV)<br>Alte sisteme de inginerie<\/p>\n\n\n\n<p class=\"has-primary-color has-text-color has-link-color has-extra-small-font-size wp-elements-39d4ece62255b75ae59606e963cb0dee\">Avantaje:<\/p>\n\n\n\n<p class=\"has-primary-color has-text-color has-link-color has-extra-small-font-size wp-elements-4484ffc215023138b632f056e654e532\">Posibilitatea controlului camerei individuale<br>Cre\u0219terea productivit\u0103\u021bii personalului<br>Monitorizarea eficient\u0103 \u0219i orientarea consumului de energie<br>\u00cembun\u0103t\u0103\u021birea fiabilit\u0103\u021bii \u0219i a vie\u021bii plantelor<br>R\u0103spunsul eficient la pl\u00e2ngerile legate de HVAC<br>Economisi\u021bi timp \u0219i bani \u00een timpul \u00eentre\u021binerii<br>Senzorii de ocupare permit suprascrierea automat\u0103 \u00een timpul perioadelor neocupate, precum \u0219i planificarea adaptabil\u0103 a ocup\u0103rii<br>Comenzile de iluminare reduc iluminarea artificial\u0103 inutil\u0103 prin intermediul senzorilor de mi\u0219care \u0219i a programelor, precum \u0219i prin controlul luminilor de recoltare a luminii de zi<br>Controlorii economisesc ap\u0103 \u0219i energie prin controlul recolt\u0103rii apelor pluviale \u0219i al irig\u0103rii peisajului<br>Valoare mai mare de \u00eenchiriere<br>Flexibilitate \u00een schimbarea utiliz\u0103rii cl\u0103dirilor<br>Facturare individual\u0103 a chiria\u0219ilor pentru servicii, economisire a timpului<br>Monitorizarea la distanta a instalatiilor (cum ar fi pompele de incalzire, pompele de incalzire, alimentarea cu energie electrica, STP, WTP, statia de tratare a apelor)<br>U\u0219or de \u00eentre\u021binut<br>U\u0219or de disponibilitate a informa\u021biilor<br>Programare de \u00eentre\u021binere computerizat\u0103<br>Utilizarea eficient\u0103 a personalului de \u00eentre\u021binere<br>Detectarea timpurie a problemelor sau a lucr\u0103rilor de service u\u0219oare<br>Locuitorii mai mul\u021bumi\u021bi<\/p>\n\n\n\n<p class=\"has-primary-color has-text-color has-link-color has-extra-small-font-size wp-elements-e106de13ec0139f5989b2268e892e724\">Datele sunt consolidate \u00eentr-un singur sistem pentru a \u00eembun\u0103t\u0103\u021bi raportarea, gestionarea informa\u021biilor \u0219i luarea deciziilor. Integrarea \u0219i gestionarea aplica\u021biilor HVAC, energie, securitate, video digitale \u0219i de siguran\u021b\u0103 a vie\u021bii de la o singur\u0103 sta\u021bie de lucru permite \u00een\u021belegerea \u0219i controlul la nivelul \u00eentregii unit\u0103\u021bi pentru o performan\u021b\u0103 mai bun\u0103.<\/p>\n\n\n\n<p class=\"has-primary-color has-text-color has-link-color has-extra-small-font-size wp-elements-8e4e89b43f3d022a241940bd1149c238\">Cre\u0219terea economiilor opera\u021bionale &#8211; implementarea eficient\u0103 a resurselor poate avea ca rezultat reducerea costurilor opera\u021bionale, \u00eemputernicirea operatorilor, simplificarea instruirii \u0219i reducerea alarmei false.<\/p>\n\n\n\n<p class=\"has-primary-color has-text-color has-link-color has-extra-small-font-size wp-elements-c784a43e148650d0762fd82ccf406c54\">Eficien\u021b\u0103 energetic\u0103 &#8211; vizualizarea \u00een timp real \u00een opera\u021biunile instala\u021biei \u0219i analiza profund\u0103 a tendin\u021belor ofer\u0103 o perspectiv\u0103 bazat\u0103 pe date pentru a v\u0103 optimiza strategiile de gestionare a energiei \u0219i a reduce la minimum costurile opera\u021bionale.<\/p>\n\n\n\n<p class=\"has-primary-color has-text-color has-link-color has-extra-small-font-size wp-elements-46a01bf3984c855ef66a58d564a1f500\">Flexibilitatea de a cre\u0219te \u0219i de a se extinde &#8211; Combina\u021bia puternic\u0103 de protocoale de sisteme deschise \u0219i o platform\u0103 scalabil\u0103 \u00eenseamn\u0103 c\u0103 BMS poate contribui la cre\u0219terea \u0219i extinderea sistemului \u00een viitor.<\/p>\n\n\n\n<p class=\"has-primary-color has-text-color has-link-color has-extra-small-font-size wp-elements-12ab32aae784710b61ada281667780d7\">Risc redus &#8211; Controlul strategic mobil sau desktop, gestionarea excep\u021bional\u0103 a alarmei \u0219i solu\u021biile integrate de securitate v\u0103 ajut\u0103 s\u0103 vede\u021bi imaginea de ansamblu, ajut\u00e2nd la accelerarea timpului de r\u0103spuns \u0219i atenuarea riscurilor pentru proprietate, oameni \u0219i afaceri.<\/p>\n\n\n\n<p class=\"has-primary-color has-text-color has-link-color has-extra-small-font-size wp-elements-2f53322ffa8e24358082e8627436a4c0\">Raportare inteligent\u0103 &#8211; raportarea complet\u0103 cu func\u021bionalitate pentru rapoartele personalizate ofer\u0103 o mai mare transparen\u021b\u0103 \u00een istoricul sistemului \u0219i promoveaz\u0103 conformitatea.<\/p>\n","protected":false},"excerpt":{"rendered":"<p>Un sistem de management al cladirii (building management system &#8211; BMS) este un sistem de control bazat pe computer, instalat \u00een cl\u0103diri care controleaz\u0103 \u0219i monitorizeaz\u0103 echipamentele mecanice \u0219i electrice ale cl\u0103dirii, cum ar fi sistemele de ventila\u021bie, sistemul electric si iluminat, sistemele de securitate, sistemele de detectie si alarmare incendiu. Un BMS const\u0103 \u00een [&hellip;]<\/p>\n","protected":false},"author":1,"featured_media":0,"parent":0,"menu_order":0,"comment_status":"closed","ping_status":"closed","template":"","meta":{"footnotes":""},"class_list":["post-65","page","type-page","status-publish","hentry"],"_links":{"self":[{"href":"https:\/\/rssdata.ro\/index.php?rest_route=\/wp\/v2\/pages\/65","targetHints":{"allow":["GET"]}}],"collection":[{"href":"https:\/\/rssdata.ro\/index.php?rest_route=\/wp\/v2\/pages"}],"about":[{"href":"https:\/\/rssdata.ro\/index.php?rest_route=\/wp\/v2\/types\/page"}],"author":[{"embeddable":true,"href":"https:\/\/rssdata.ro\/index.php?rest_route=\/wp\/v2\/users\/1"}],"replies":[{"embeddable":true,"href":"https:\/\/rssdata.ro\/index.php?rest_route=%2Fwp%2Fv2%2Fcomments&post=65"}],"version-history":[{"count":1,"href":"https:\/\/rssdata.ro\/index.php?rest_route=\/wp\/v2\/pages\/65\/revisions"}],"predecessor-version":[{"id":66,"href":"https:\/\/rssdata.ro\/index.php?rest_route=\/wp\/v2\/pages\/65\/revisions\/66"}],"wp:attachment":[{"href":"https:\/\/rssdata.ro\/index.php?rest_route=%2Fwp%2Fv2%2Fmedia&parent=65"}],"curies":[{"name":"wp","href":"https:\/\/api.w.org\/{rel}","templated":true}]}}