{"id":96,"date":"2025-06-11T12:14:41","date_gmt":"2025-06-11T12:14:41","guid":{"rendered":"https:\/\/rssdata.ro\/?page_id=96"},"modified":"2025-06-11T12:14:41","modified_gmt":"2025-06-11T12:14:41","slug":"diferenta-intre-camere-ir-si-tehnologia-starlight","status":"publish","type":"page","link":"https:\/\/rssdata.ro\/?page_id=96","title":{"rendered":"Diferenta intre camere IR si tehnologia StarLight"},"content":{"rendered":"\n<p class=\"has-primary-color has-text-color has-link-color has-extra-small-font-size wp-elements-6c2c3d638fa2e68f009f39a141ecbfb4\">Diferen\u021ba dintre camerele dotate cu IR si cele cu tehnologia Starlight<\/p>\n\n\n\n<p class=\"has-primary-color has-text-color has-link-color has-extra-small-font-size wp-elements-05f54a1cc5d1179f7a21187b14c0c2da\">Alegerea camerei de supraveghere potrivite este important\u0103. Un aspect foarte important este claritatea imaginilor inregistrate pe timp de noapte. Problema pe care o intampina utilizatorul cel mai adesea este faptul ca o camera care furnizeaza imagini clare pe timp de zi, capteaza imagini slabe, in alb-negru, fapt ce ingreuneaza rcunoasterea fetei umane sau alte detalii care pot fi importante.<\/p>\n\n\n\n<p class=\"has-primary-color has-text-color has-link-color has-extra-small-font-size wp-elements-abd3ee9dfad8613ef25b373216cfb0de\">Camerele de securitate cu infraro\u0219u au capacitatea de a capta imagini video \u00een zone cu lumin\u0103 sc\u0103zut\u0103 \u0219i f\u0103r\u0103 lumin\u0103 (0 lux). Camerele cu infraro\u0219ii (IR) sunt denumite uneori camere IR sau &#8220;Camere de securitate Night Vision&#8221; din acest motiv. Camerele cu infrarosu au LED-uri IR pozi\u021bionate \u00een jurul marginilor exterioare ale obiectivului camerei, care ofer\u0103 camerei &#8220;Night Vision&#8221;. Imaginile capturate de camerele dotate cu infrarosu pot fi doar imagini alb-negru pe timp de noapte, din cauza limitarilor acestei tehnologii, din aceasta cauza poate fi dificila recunoasterea anumitor detalii. O alta slabiciune ar fi reflexiile care se produc in contact cu anumite suprafete. Un exemplu bun ar fi placuta cu numarul de inmatriculare a masinilor, care pot deveni ilizibile datorita led-urilor.<\/p>\n\n\n\n<p class=\"has-primary-color has-text-color has-link-color has-extra-small-font-size wp-elements-13c1e3a3c164cced40f7361f18d9cfbb\">Camerele de tip Starlight in schimb sunt camere de supraveghere cu senzori speciali pentru a oferi vizibilitate nocturn\u0103 \u00eembun\u0103t\u0103\u021bit\u0103 \u00een condi\u021bii de lumin\u0103 sc\u0103zut\u0103. Sunt camere cu caracteristic\u0103 special\u0103 pentru a \u00eencetini declan\u0219area electronic\u0103 a acestora pentru a capta mai mult\u0103 lumin\u0103 pentru cipurile CCD sau CMOS ale camerei, permi\u021b\u00e2ndu-le s\u0103 \u00eenregistreze imagini color la lumin\u0103 sc\u0103zut\u0103 un film B \/ W \u00een lumin\u0103 ultra-sc\u0103zut\u0103. Cele mai bune camere de iluminat stele func\u021bioneaz\u0103 sub o iluminare ultra sc\u0103zut\u0103 de 0.00001 lux.Ochiul uman poate identifica cu greu lucrurile atunci c\u00e2nd iluminarea se afl\u0103 sub 20 Lux. Camerele de supraveghere Starlight, v\u0103 pot oferi imagini mai clare dec\u00e2t a\u021bi putea vedea cu ochii proprii chiar \u0219i \u00een condi\u021bii de 0 Lux. Camerele Starlight redau o imagine mai bun\u0103 a nop\u021bii dec\u00e2t camerele tipice de vizibilitate IR \u00een ceea ce prive\u0219te claritatea \u0219i calitatea imaginii \u0219i asigur\u0103 vizionarea culorilor pe timp de noapte, chiar \u0219i \u00een condi\u021bii de lumin\u0103 sc\u0103zut\u0103, c\u00e2nd alte camere de supraveghere trebuie s\u0103 activeze luminile IR. \u0218i asta pentru c\u0103 camerele starlight pot folosi mai mult lumina natural\u0103 pentru a produce imagini superioare cu senzori avansa\u021bi.<\/p>\n\n\n\n<p class=\"has-primary-color has-text-color has-link-color has-extra-small-font-size wp-elements-502e78331fabfc960699ce57b7d812bc\">Un alt atuu al camerelor cu tehnologie starlight ar fi distanta acoperita de camera de supraveghere video. In cazul camerelor IR distanta acoperita depinde de marimea iluminatorului IR. Camerele cu tehnologia starlight folosesc lumina naturala, care se regaseste pe orice suprafata, uniform.<\/p>\n\n\n\n<p class=\"has-primary-color has-text-color has-link-color has-extra-small-font-size wp-elements-e9a9411bb168c14c956b6efd1349f823\">Ca dezavantaj al camerelor cu tehologie Starlight am putea enumera pretul mai mare si efectul de estompare a imaginilor capturate despre obiecte aflate in miscare pe timp de noapte. A\u0219a cum am spus mai devreme, camerele starlight \u00eencetinesc declansareea electronica pentru a ob\u021bine suficient\u0103 lumin\u0103 pentru viziunea pe timp de noapte. Aceasta \u00eenseamn\u0103 o reducere a num\u0103rului de imagini pe care le capteaza la fiecare secund\u0103; aceasta are ca rezultat imagini neclare ale obiectelor \u00een mi\u0219care rapid\u0103.<\/p>\n\n\n\n<p class=\"has-primary-color has-text-color has-link-color has-extra-small-font-size wp-elements-c699a22ac5f2d56c4425a955589b3e8c\">Gasim camere de supraveghere cu tehnologia Starlight de la producatori precum Dahua, Hikvision<\/p>\n","protected":false},"excerpt":{"rendered":"<p>Diferen\u021ba dintre camerele dotate cu IR si cele cu tehnologia Starlight Alegerea camerei de supraveghere potrivite este important\u0103. Un aspect foarte important este claritatea imaginilor inregistrate pe timp de noapte. Problema pe care o intampina utilizatorul cel mai adesea este faptul ca o camera care furnizeaza imagini clare pe timp de zi, capteaza imagini slabe, [&hellip;]<\/p>\n","protected":false},"author":1,"featured_media":0,"parent":0,"menu_order":0,"comment_status":"closed","ping_status":"closed","template":"","meta":{"footnotes":""},"class_list":["post-96","page","type-page","status-publish","hentry"],"_links":{"self":[{"href":"https:\/\/rssdata.ro\/index.php?rest_route=\/wp\/v2\/pages\/96","targetHints":{"allow":["GET"]}}],"collection":[{"href":"https:\/\/rssdata.ro\/index.php?rest_route=\/wp\/v2\/pages"}],"about":[{"href":"https:\/\/rssdata.ro\/index.php?rest_route=\/wp\/v2\/types\/page"}],"author":[{"embeddable":true,"href":"https:\/\/rssdata.ro\/index.php?rest_route=\/wp\/v2\/users\/1"}],"replies":[{"embeddable":true,"href":"https:\/\/rssdata.ro\/index.php?rest_route=%2Fwp%2Fv2%2Fcomments&post=96"}],"version-history":[{"count":1,"href":"https:\/\/rssdata.ro\/index.php?rest_route=\/wp\/v2\/pages\/96\/revisions"}],"predecessor-version":[{"id":97,"href":"https:\/\/rssdata.ro\/index.php?rest_route=\/wp\/v2\/pages\/96\/revisions\/97"}],"wp:attachment":[{"href":"https:\/\/rssdata.ro\/index.php?rest_route=%2Fwp%2Fv2%2Fmedia&parent=96"}],"curies":[{"name":"wp","href":"https:\/\/api.w.org\/{rel}","templated":true}]}}