{"id":98,"date":"2025-06-11T12:16:55","date_gmt":"2025-06-11T12:16:55","guid":{"rendered":"https:\/\/rssdata.ro\/?page_id=98"},"modified":"2025-06-11T12:16:55","modified_gmt":"2025-06-11T12:16:55","slug":"primul-sistem-de-efractie","status":"publish","type":"page","link":"https:\/\/rssdata.ro\/?page_id=98","title":{"rendered":"Primul sistem de efractie"},"content":{"rendered":"\n<p class=\"has-primary-color has-text-color has-link-color has-extra-small-font-size wp-elements-c3f9dcc206ca40568a28a44b7ec744b2\">Peste 160 de ani de securitate<\/p>\n\n\n\n<p class=\"has-primary-color has-text-color has-link-color has-extra-small-font-size wp-elements-a09b3da84370d4317887aafbc83990e0\">Greu de crezut: Primul sistem de alarm\u0103 electro-magnetica din lume a fost deja patentat pe 21 iunie 1853 \u00een numele unui om numit Augustus Russell Pope, inventator din Sommerville din Boston. P\u00e2n\u0103 \u00een acel moment, oamenii se bazau, \u00een principal, pe zgomotul puternic al g\u00e2\u0219telor lor, latratul c\u00e2inilor lor de gard\u0103, pentru a prinde pe intru\u0219i pe proprietatea lor.<\/p>\n\n\n\n<p class=\"has-primary-color has-text-color has-link-color has-extra-small-font-size wp-elements-acdfb3c127f539611189227b4e7d960c\">Prototipul lui Pope &#8211; un principiu at\u00e2t de simplu \u0219i eficient Gadget-ul operat de baterii al lui Pope poate p\u0103rea foarte simplu din punctul de vedere al zilei de azi, dar s-a dovedit extrem de eficient \u00eempotriva intru\u0219ilor. A reac\u021bionat la \u00eenchiderea unui circuit electric: u\u0219ile \u0219i ferestrele au fost conectate ca unit\u0103\u021bi independente printr-un circuit paralel. Dac\u0103 u\u0219a sau o fereastr\u0103 a fost deschis\u0103 \u0219i circuitul electric \u00eenchis, fluxul brusc de curent a provocat vibrarea unui magnet ata\u0219at \u00een sistem. Vibra\u021biile electromagnetice au fost transmise unui ciocan care a lovit apoi un clopot de alam\u0103. Caracteristica special\u0103 a inven\u021biei lui Pope a fost c\u0103 alarma nu putea fi oprit\u0103 prin simpla \u00eenchidere a ferestrelor sau u\u0219ilor. Un arc de comutare montat \u00een peretele de deasupra u\u0219ii a \u021binut curentul \u00eentrerupt \u0219i \u00een acest caz, astfel \u00eenc\u00e2t clopotul s\u0103 poat\u0103 continua s\u0103 sune.<\/p>\n\n\n\n<p class=\"has-primary-color has-text-color has-link-color has-extra-small-font-size wp-elements-81c2184310cc6abc02ccfbd7f7d2613f\">\u00cen ciuda lucr\u0103rilor de pionierat ale lui Pope, majoritatea oamenilor presupun c\u0103 altcineva a fost tat\u0103l sistemului de alarm\u0103 modern. Anume, Edwin Holmes, a fost om de afaceri \u0219i fondator al primei companii de sisteme de alarm\u0103 electric\u0103, care a cump\u0103rat, de fapt, dreptul la inven\u021bia lui Pope \u00een 1857. El a fost cel care a condus drumul \u00een domeniul tehnologiei de alarm\u0103 electro-magnetic\u0103 cu &#8220;Compania Holmes Electric Protection&#8221;.<\/p>\n\n\n\n<p class=\"has-primary-color has-text-color has-link-color has-extra-small-font-size wp-elements-fc18cb99974405b1aaf80307d20a5b96\">Surse:<\/p>\n\n\n\n<figure class=\"wp-block-embed\"><div class=\"wp-block-embed__wrapper\">\nhttps:\/\/www.abus.com\/eng\/Guide\/Break-in-protection\/Alarm-systems\/History-of-the-alarm-system\n<\/div><\/figure>\n\n\n\n<figure class=\"wp-block-embed\"><div class=\"wp-block-embed__wrapper\">\nhttps:\/\/www.almasindustries.co.uk\/burglar-alarm-older-think\n<\/div><\/figure>\n\n\n\n<p class=\"has-primary-color has-text-color has-link-color has-extra-small-font-size wp-elements-b69e8821ff23ed9d79dc031bb8b61b03\"><a href=\"https:\/\/yourhomesecuritywatch.com\/who-invented-the-burglar-alarm\/\">https:\/\/yourhomesecuritywatch.com\/who-invented-the-burglar-alarm\/<\/a><\/p>\n\n\n\n<p><\/p>\n","protected":false},"excerpt":{"rendered":"<p>Peste 160 de ani de securitate Greu de crezut: Primul sistem de alarm\u0103 electro-magnetica din lume a fost deja patentat pe 21 iunie 1853 \u00een numele unui om numit Augustus Russell Pope, inventator din Sommerville din Boston. P\u00e2n\u0103 \u00een acel moment, oamenii se bazau, \u00een principal, pe zgomotul puternic al g\u00e2\u0219telor lor, latratul c\u00e2inilor lor [&hellip;]<\/p>\n","protected":false},"author":1,"featured_media":0,"parent":0,"menu_order":0,"comment_status":"closed","ping_status":"closed","template":"","meta":{"footnotes":""},"class_list":["post-98","page","type-page","status-publish","hentry"],"_links":{"self":[{"href":"https:\/\/rssdata.ro\/index.php?rest_route=\/wp\/v2\/pages\/98","targetHints":{"allow":["GET"]}}],"collection":[{"href":"https:\/\/rssdata.ro\/index.php?rest_route=\/wp\/v2\/pages"}],"about":[{"href":"https:\/\/rssdata.ro\/index.php?rest_route=\/wp\/v2\/types\/page"}],"author":[{"embeddable":true,"href":"https:\/\/rssdata.ro\/index.php?rest_route=\/wp\/v2\/users\/1"}],"replies":[{"embeddable":true,"href":"https:\/\/rssdata.ro\/index.php?rest_route=%2Fwp%2Fv2%2Fcomments&post=98"}],"version-history":[{"count":1,"href":"https:\/\/rssdata.ro\/index.php?rest_route=\/wp\/v2\/pages\/98\/revisions"}],"predecessor-version":[{"id":99,"href":"https:\/\/rssdata.ro\/index.php?rest_route=\/wp\/v2\/pages\/98\/revisions\/99"}],"wp:attachment":[{"href":"https:\/\/rssdata.ro\/index.php?rest_route=%2Fwp%2Fv2%2Fmedia&parent=98"}],"curies":[{"name":"wp","href":"https:\/\/api.w.org\/{rel}","templated":true}]}}